{"id":26,"date":"2015-11-28T23:20:31","date_gmt":"2015-11-28T22:20:31","guid":{"rendered":"http:\/\/51.254.196.105\/?page_id=13"},"modified":"2015-11-28T23:20:31","modified_gmt":"2015-11-28T22:20:31","slug":"history","status":"publish","type":"page","link":"https:\/\/mackosova.com\/?page_id=26","title":{"rendered":"History"},"content":{"rendered":"<p id=\"tw-target-text\" class=\"tw-data-text tw-text-large XcVN5d tw-ta\" dir=\"ltr\" data-placeholder=\"Translation\"><span lang=\"en\">&#8220;<strong>Mehmet<\/strong> <strong>Akif School<\/strong>&#8221; is the first private school opened in post-war Kosovo. It started its activity in 2000, in the premises of the high school &#8220;Gjin Gazuli&#8221;, in Prishtina. A year later he was transferred as a tenant initially to a building located in Velani, and later to the building located in Veternik. <\/span><\/p>\n<p class=\"tw-data-text tw-text-large XcVN5d tw-ta\" dir=\"ltr\" data-placeholder=\"Translation\"><span lang=\"en\">In the school year 2010 the College moved to its current facility in Banull\u00eb-Lipjan. <\/span><\/p>\n<p class=\"tw-data-text tw-text-large XcVN5d tw-ta\" dir=\"ltr\" data-placeholder=\"Translation\">Teaching takes place at the following levels: preschool, primary, lower secondary school and upper secondary school in scientific direction.<\/p>\n<p class=\"tw-data-text tw-text-large XcVN5d tw-ta\" dir=\"ltr\" data-placeholder=\"Translation\"><span lang=\"en\">The school offers food as well as accommodation in separate dormitories for boys and girls, for students coming from other cities in Kosovo.<\/span><\/p>\n<p>&#8220;<strong>Shkolla Mehmet Akif<\/strong>&#8221; \u00ebsht\u00eb shkolla e par\u00eb private e hapur n\u00eb Kosov\u00ebn e pasluft\u00ebs. Veprimtarin\u00eb e ka filluar n\u00eb vitin 2000, n\u00eb lokalet e Shkolles s\u00eb mesme \u201cGjin Gazuli\u201d, n\u00eb Prishtin\u00eb. Nj\u00eb vit\u00a0 m\u00eb von\u00eb \u00a0\u00ebsht\u00eb transferuar si qiramarr\u00ebs fillimisht n\u00eb nj\u00eb objekt q\u00eb gjendej n\u00eb Velani, kurse m\u00eb von\u00eb n\u00eb objektin q\u00eb gjendej n\u00eb Veternik.<\/p>\n<p>N\u00eb vitin shkollor\u00a0 2010 Kolegji kaloi n\u00eb objektin e vet aktuale n\u00eb Banull\u00eb-Lipjan.<\/p>\n<p>M\u00ebsimi zhvillohet n\u00eb k\u00ebto nivele: parashkollor, fillor, shkoll\u00eb e mesme e ul\u00ebt dhe shkoll\u00eb e mesme e lart\u00eb n\u00eb drejtimin shkencor.<\/p>\n<p>Shkolla ofron ushqim si dhe banim n\u00eb konvikte t\u00eb ndara p\u00ebr djem dhe vajza, p\u00ebr nx\u00ebn\u00ebsit q\u00eb vijn\u00eb nga qytetet\u00a0 e tjera t\u00eb Kosov\u00ebs.<\/p>\n<hr \/>\n<p>\u201c<strong>Mehmet Akif School<\/strong>\u201d in Prizren was opened in 2006, at the former P\u00ebrllonka Factory. Whereas, in 2011 he moved to his facility located in Boka-Korishh\u00eb.<\/p>\n<p>Teaching takes place at the following levels: preschool, primary, lower secondary school and upper secondary school in scientific direction.<\/p>\n<p>\u201c<strong>Shkolla Mehmet Akif<\/strong>\u201d n\u00eb Prizren \u00ebsht\u00eb hapur n\u00eb vitin 2006, te ish- Fabrika e P\u00ebrllonkes. Nd\u00ebrsa, n\u00eb vitin 2011 kaloi n\u00eb objektin e vet q\u00eb gjendet n\u00eb Boka-Korish\u00eb.<\/p>\n<p>M\u00ebsimi zhvillohet n\u00eb k\u00ebto nivele: parashkollor, fillor, shkoll\u00eb e mesme e ul\u00ebt dhe shkoll\u00eb e mesme e lart\u00eb n\u00eb drejtimin shkencor.<\/p>\n<hr \/>\n<p>The &#8220;Mehmet Akif School&#8221; in Gjakova was opened in 2010 in the facilities of the former TMK, the so-called &#8220;Zidi Sadik Ag\u00ebs&#8221; which is the property of the Municipal Assembly of Gjakova and has been used for a certain time by the Municipality of Gjakova.<\/p>\n<p>Initially, the facility in question was repaired in order to make it as suitable as possible for the learning process. With the beginning of the school year, students were accepted for the 1st, 6th and 9th grades. As a result of citizens&#8217; interest, the preschool level was opened initially with two groups. At the end of the 2013-2014 school year, the 1st level moved to the new facility, which is also located in the yard of this school.<\/p>\n<p>Teaching takes place at the following levels: preschool, primary, lower secondary school and upper secondary school in scientific direction.<\/p>\n<p>\u201c<strong>Shkolla Mehmet Akif<\/strong>\u201d n\u00eb Gjakov\u00eb u hap n\u00eb vitin 2010 n\u00eb objektet e ish- TMK-s\u00eb,vendi i ashtuquajtur \u201cZidi Sadik Ag\u00ebs \u201d i cili \u00ebsht\u00eb pron\u00eb e Kuvendit Komunal t\u00eb Gjakov\u00ebs dhe \u00ebsht\u00eb marr\u00eb n\u00eb\u00a0 shfryt\u00ebzim p\u00ebr nj\u00eb koh\u00eb t\u00eb caktuar nga Komuna e Gjakov\u00ebs.<\/p>\n<p>Fillimisht \u00ebsht\u00eb b\u00ebr\u00eb riparimi i objektit n\u00eb fjal\u00eb n\u00eb m\u00ebnyr\u00eb q\u00eb t\u00eb jet\u00eb sa m\u00eb i p\u00ebrshtatsh\u00ebm p\u00ebr procesin m\u00ebsimor. Me fillimin e vitit shkollor \u00ebsht\u00eb b\u00ebr\u00eb pranimi i nx\u00ebn\u00ebsve p\u00ebr kl.I-r\u00eb, VI-t\u00eb dhe IX-t\u00eb. Si rezultat i interesimit t\u00eb qytetar\u00ebve \u00ebsht\u00eb hapur edhe niveli parashkollor fillimisht me dy grupe. N\u00eb fund t\u00eb vitit shkollor 2013-2014 niveli I \u2013r\u00eb ka kaluar n\u00eb objektin e ri i cili po ashtu gjendet n\u00eb oborrin e k\u00ebsaj shkoll\u00ebs.<\/p>\n<p>N\u00eb kuad\u00ebr t\u00eb shkoll\u00ebs funksionojn\u00eb k\u00ebto nivele t\u00eb arsimit: parashkollor, shkolla fillore, shkolla e mesme e ul\u00ebt dhe shkolla e mesme e lart\u00eb.<\/p>\n","protected":false},"excerpt":{"rendered":"<p>&#8220;Mehmet Akif School&#8221; is the first private school opened in post-war Kosovo. It started its activity in 2000, in the premises of the high school &#8220;Gjin Gazuli&#8221;, in Prishtina. A year later he was transferred as a tenant initially to <a href=\"https:\/\/mackosova.com\/?page_id=26\" class=\"read-more\">Read More &#8230;<\/a><\/p>\n","protected":false},"author":1,"featured_media":0,"parent":0,"menu_order":0,"comment_status":"closed","ping_status":"closed","template":"","meta":{"footnotes":""},"class_list":["post-26","page","type-page","status-publish","hentry"],"_links":{"self":[{"href":"https:\/\/mackosova.com\/index.php?rest_route=\/wp\/v2\/pages\/26","targetHints":{"allow":["GET"]}}],"collection":[{"href":"https:\/\/mackosova.com\/index.php?rest_route=\/wp\/v2\/pages"}],"about":[{"href":"https:\/\/mackosova.com\/index.php?rest_route=\/wp\/v2\/types\/page"}],"author":[{"embeddable":true,"href":"https:\/\/mackosova.com\/index.php?rest_route=\/wp\/v2\/users\/1"}],"replies":[{"embeddable":true,"href":"https:\/\/mackosova.com\/index.php?rest_route=%2Fwp%2Fv2%2Fcomments&post=26"}],"version-history":[{"count":0,"href":"https:\/\/mackosova.com\/index.php?rest_route=\/wp\/v2\/pages\/26\/revisions"}],"wp:attachment":[{"href":"https:\/\/mackosova.com\/index.php?rest_route=%2Fwp%2Fv2%2Fmedia&parent=26"}],"curies":[{"name":"wp","href":"https:\/\/api.w.org\/{rel}","templated":true}]}}