{"id":32,"date":"2015-11-28T23:26:37","date_gmt":"2015-11-28T22:26:37","guid":{"rendered":"http:\/\/51.254.196.105\/?page_id=27"},"modified":"2015-11-28T23:26:37","modified_gmt":"2015-11-28T22:26:37","slug":"our-goals","status":"publish","type":"page","link":"https:\/\/mackosova.com\/?page_id=32","title":{"rendered":"Our Goals"},"content":{"rendered":"<p><strong>For our students;<\/strong><\/p>\n<ul>\n<li>To develop in a healthy and balanced way in spiritual, moral, mental and physical terms.<\/li>\n<li>To be aware of current events and problems in the world, to be responsible to society, to think freely and to have scientific opinion.<\/li>\n<li>To develop their skills and talents with modern methods.<\/li>\n<li>To be among the first in terms of success in entrance exams of secondary and higher education institutions.<\/li>\n<li>To develop their skills in fine arts such as: drawing, music, theater, etc.<\/li>\n<li>To succeed in every sport discipline at the national and international level.<\/li>\n<li>To be at a contemporary level in terms of effective communication with all people in this globalized world, regardless of language, religion and ethnicity.<\/li>\n<li>Constantly follow the innovations and be able to actively use information technologies.<\/li>\n<li>To be educated to the extent that they take the first places in project competitions and scientific olympiads at the national and international level.<\/li>\n<\/ul>\n<p><strong>For our teachers;<\/strong><\/p>\n<ul>\n<li>Provide technical, social and psychological opportunities to raise their skills to the highest level.<\/li>\n<li>To offer optimal economic conditions to be satisfied to follow the latest developments in their field of vocational training.<\/li>\n<li>Have good relationships with students and parents.<\/li>\n<li>To be constantly informed about the latest developments in the field of education and the results of education in order to absorb different knowledge.<\/li>\n<\/ul>\n<p><strong>For other employees we ensure that;<\/strong><\/p>\n<ul>\n<li>To be people who work with desire and passion and to have good cooperation with the administration.<\/li>\n<li>Be an example for students with their good behaviors.<\/li>\n<li>Be rewarded for every success shown for their professional development.<\/li>\n<li>To do teamwork that perform their responsibilities and tasks accurately and on time as well as to have a high quality behavior and philosophy.<\/li>\n<\/ul>\n<hr \/>\n<p><strong>Nx\u00ebn\u00ebsit tan\u00eb;<\/strong><\/p>\n<ul>\n<li>T\u00eb zhvillohen n\u00eb m\u00ebnyr\u00eb t\u00eb sh\u00ebndosh\u00eb dhe t\u00eb balansuar n\u00eb pik\u00ebpamje shpirt\u00ebrore, morale, mendore dhe fizike<\/li>\n<li>T\u00eb jen\u00eb t\u00eb vet\u00ebdijsh\u00ebm p\u00ebr ngjarjet dhe problemet aktuale n\u00eb bot\u00eb, t\u00eb jen\u00eb t\u00eb p\u00ebrgjegjsh\u00ebm ndaj shoq\u00ebris\u00eb, t\u00eb mendojn\u00eb n\u00eb m\u00ebnyr\u00eb t\u00eb lir\u00eb dhe t\u00eb ken\u00eb mendim shkencor<\/li>\n<li>T\u2019i zhvillojn\u00eb aft\u00ebsit\u00eb dhe talentet e tyre me metoda bashk\u00ebkohore<\/li>\n<li>T\u00eb jen\u00eb n\u00eb mesin e t\u00eb par\u00ebve sa i p\u00ebrket suksesit n\u00eb provimet pranues t\u00eb institucioneve arsimore t\u00eb mesme dhe t\u00eb larta<\/li>\n<li>T\u2019i zhvilojn\u00eb aft\u00ebsit\u00eb e tyre n\u00eb artet e bukura si\u00e7 jan\u00eb: vizatim, muzik\u00eb, teat\u00ebr etj.<\/li>\n<li>T\u00eb ken\u00eb sukses n\u00eb \u00e7do disiplin\u00eb t\u00eb sportit n\u00eb nivel vendi dhe nivel nd\u00ebrkomb\u00ebtar<\/li>\n<li>T\u00eb jen\u00eb n\u00eb nivel bashk\u00ebkohor sa i p\u00ebrket komunikimit efektiv me t\u00eb gjith\u00eb njer\u00ebzit n\u00eb k\u00ebt\u00eb bot\u00eb t\u00eb globalizuar, pa dallim t\u00eb gjuh\u00ebs, p\u00ebrkat\u00ebsis\u00eb fetare dhe p\u00ebrkat\u00ebsis\u00eb etnike<\/li>\n<li>T\u2019i p\u00ebrcjellin n\u00eb vazhdim\u00ebsi risit\u00eb dhe t\u00eb jen\u00eb n\u00eb gjendje q\u00eb t\u2019i shfryt\u00ebzojn\u00eb teknologjit\u00eb informative n\u00eb m\u00ebnyr\u00eb aktive<\/li>\n<li>T\u00eb edukohen n\u00eb at\u00eb mas\u00eb sa q\u00eb t\u2019i marrin vendet e para n\u00eb gara t\u00eb projekteve dhe n\u00eb olimpiada shkencore n\u00eb nivel vendi dhe nivel nd\u00ebrkomb\u00ebtar.<\/li>\n<\/ul>\n<p><strong>P\u00ebr m\u00ebsimdh\u00ebn\u00ebsit tan\u00eb;<\/strong><\/p>\n<ul>\n<li>T\u00eb ofrojm\u00eb mund\u00ebsi teknike, sociale dhe psikologjike p\u00ebr t\u2019i ngritur n\u00eb nivelin m\u00eb t\u00eb lart\u00eb aft\u00ebsit\u00eb e tyre<\/li>\n<li>T\u00eb ofrojm\u00eb kushte optimale ekonomike q\u00eb t\u00eb jen\u00eb t\u00eb k\u00ebnaqur p\u00ebr t\u2019i p\u00ebrcjellur zhvillimet e fundit n\u00eb fush\u00ebn e tyre p\u00ebr aft\u00ebsim profesional.<\/li>\n<li>T\u00eb ken\u00eb raporte t\u00eb mira me nx\u00ebn\u00ebs dhe me prind\u00ebr<\/li>\n<li>T\u00eb informohen vazhdimisht p\u00ebr zhvillimet e fundit n\u00eb fush\u00ebn e edukimit dhe rezultatet e arsimit n\u00eb m\u00ebnyr\u00eb q\u00eb t\u00eb absorbojn\u00eb njohuri t\u00eb ndryshme<\/li>\n<\/ul>\n<p><strong>P\u00ebr punonj\u00ebsit tjer\u00eb sigurojm\u00eb q\u00eb;<\/strong><\/p>\n<ul>\n<li>T\u00eb jen\u00eb persona q\u00eb punojn\u00eb me d\u00ebshir\u00eb dhe pasion si dhe t\u00eb ken\u00eb bashk\u00ebpunim t\u00eb mir\u00eb me administrat\u00ebn<\/li>\n<li>T\u00eb jen\u00eb shembull p\u00ebr nx\u00ebn\u00ebs me sjelljet e tyre t\u00eb mira<\/li>\n<li>T\u00eb shp\u00ebrblehen n\u00eb \u00e7do sukses t\u00eb treguar p\u00ebr zhvillimin e tyre profesional<\/li>\n<li>T\u00eb b\u00ebjn\u00eb pun\u00eb ekipore t\u00eb cilat i kryejn\u00eb me sakt\u00ebsi dhe me koh\u00eb p\u00ebrgjegj\u00ebsit\u00eb dhe detyrat e tyre si dhe t\u00eb ken\u00eb nj\u00eb sjellje dhe filozofi t\u00eb cil\u00ebsis\u00eb s\u00eb lart\u00eb<\/li>\n<\/ul>\n","protected":false},"excerpt":{"rendered":"<p>For our students; To develop in a healthy and balanced way in spiritual, moral, mental and physical terms. To be aware of current events and problems in the world, to be responsible to society, to think freely and to have <a href=\"https:\/\/mackosova.com\/?page_id=32\" class=\"read-more\">Read More &#8230;<\/a><\/p>\n","protected":false},"author":1,"featured_media":0,"parent":0,"menu_order":0,"comment_status":"closed","ping_status":"closed","template":"","meta":{"footnotes":""},"class_list":["post-32","page","type-page","status-publish","hentry"],"_links":{"self":[{"href":"https:\/\/mackosova.com\/index.php?rest_route=\/wp\/v2\/pages\/32","targetHints":{"allow":["GET"]}}],"collection":[{"href":"https:\/\/mackosova.com\/index.php?rest_route=\/wp\/v2\/pages"}],"about":[{"href":"https:\/\/mackosova.com\/index.php?rest_route=\/wp\/v2\/types\/page"}],"author":[{"embeddable":true,"href":"https:\/\/mackosova.com\/index.php?rest_route=\/wp\/v2\/users\/1"}],"replies":[{"embeddable":true,"href":"https:\/\/mackosova.com\/index.php?rest_route=%2Fwp%2Fv2%2Fcomments&post=32"}],"version-history":[{"count":0,"href":"https:\/\/mackosova.com\/index.php?rest_route=\/wp\/v2\/pages\/32\/revisions"}],"wp:attachment":[{"href":"https:\/\/mackosova.com\/index.php?rest_route=%2Fwp%2Fv2%2Fmedia&parent=32"}],"curies":[{"name":"wp","href":"https:\/\/api.w.org\/{rel}","templated":true}]}}