{"id":3290,"date":"2020-12-05T15:35:06","date_gmt":"2020-12-05T14:35:06","guid":{"rendered":"https:\/\/mackosova.com\/?page_id=3290"},"modified":"2026-02-23T14:11:27","modified_gmt":"2026-02-23T14:11:27","slug":"entrance-exam-2","status":"publish","type":"page","link":"https:\/\/mackosova.com\/?page_id=3290","title":{"rendered":"Entrance Exam &#8211; Provimi Pranues"},"content":{"rendered":"<p><!-- Do not display this at the moment\nDear students, we would like to inform you that the application deadline has expired! Thank you for your interest and we wish success to all participants!\n\nT\u00eb dashur nx\u00ebn\u00ebs, Ju njoftojm\u00eb se ka p\u00ebrfunduar afati i aplikimit! Ju fal\u00ebnderojm\u00eb p\u00ebr interesimin q\u00eb keni treguar dhe ju urojm\u00eb suksese t\u00eb gjith\u00eb pjes\u00ebmarr\u00ebsve!\n--><\/p>\n\n\n<p class=\"has-text-align-center has-large-font-size has-red-color has-text-color\"><a href=\"https:\/\/app.gulistankosova.com\/guest\/competition\" data-type=\"link\" data-id=\"https:\/\/app.gulistankosova.com\/guest\/competition\">Apliko tani !<\/a><\/p>\n\n\n\n<p><strong>DATA E PROVIMIT<\/strong><\/p>\n\n\n\n<p>\u2022 <strong>14 Mars 2026<\/strong> e shtun\u00eb \u2013 n\u00eb ora <strong>10:00<\/strong><br>\u2022 Dit\u00ebn e provimit duhet t\u00eb keni me vete: Laps, Gom\u00eb, Mpreh\u00ebse.<br>\u2022 Provimi p\u00ebrmban pyetje nga l\u00ebnd\u00ebt e m\u00ebposhtme:<\/p>\n\n\n\n<figure class=\"wp-block-table\"><table><tbody><tr><td><\/td><td class=\"has-text-align-center\" data-align=\"center\"><strong>Matematik\u00eb<\/strong><\/td><td class=\"has-text-align-center\" data-align=\"center\"><strong>Logjik\u00eb<\/strong><\/td><td class=\"has-text-align-center\" data-align=\"center\"><strong>Fizik\u00eb<\/strong><\/td><td class=\"has-text-align-center\" data-align=\"center\"><strong>Biologji<\/strong><\/td><td class=\"has-text-align-center\" data-align=\"center\"><strong>Kimi<\/strong><\/td><td class=\"has-text-align-center\" data-align=\"center\"><strong>Total<\/strong><\/td><\/tr><tr><td><strong>Klasa 1-2-3<\/strong><\/td><td class=\"has-text-align-center\" data-align=\"center\">20<\/td><td class=\"has-text-align-center\" data-align=\"center\">10<\/td><td class=\"has-text-align-center\" data-align=\"center\">&#8211;<\/td><td class=\"has-text-align-center\" data-align=\"center\">&#8211;<\/td><td class=\"has-text-align-center\" data-align=\"center\">&#8211;<\/td><td class=\"has-text-align-center\" data-align=\"center\">30<\/td><\/tr><tr><td><strong>Klasa 4-5<\/strong><\/td><td class=\"has-text-align-center\" data-align=\"center\">25<\/td><td class=\"has-text-align-center\" data-align=\"center\">25<\/td><td class=\"has-text-align-center\" data-align=\"center\">&#8211;<\/td><td class=\"has-text-align-center\" data-align=\"center\">&#8211;<\/td><td class=\"has-text-align-center\" data-align=\"center\">&#8211;<\/td><td class=\"has-text-align-center\" data-align=\"center\">50<\/td><\/tr><tr><td><strong>Klasa 6<\/strong><\/td><td class=\"has-text-align-center\" data-align=\"center\">20<\/td><td class=\"has-text-align-center\" data-align=\"center\">13<\/td><td class=\"has-text-align-center\" data-align=\"center\">7<\/td><td class=\"has-text-align-center\" data-align=\"center\">10<\/td><td class=\"has-text-align-center\" data-align=\"center\">&#8211;<\/td><td class=\"has-text-align-center\" data-align=\"center\">50<\/td><\/tr><tr><td><strong>Klasa 7-8-9-10<\/strong><\/td><td class=\"has-text-align-center\" data-align=\"center\">20<\/td><td class=\"has-text-align-center\" data-align=\"center\">10<\/td><td class=\"has-text-align-center\" data-align=\"center\">7<\/td><td class=\"has-text-align-center\" data-align=\"center\">6<\/td><td class=\"has-text-align-center\" data-align=\"center\">7<\/td><td class=\"has-text-align-center\" data-align=\"center\">50<\/td><\/tr><\/tbody><\/table><\/figure>\n\n\n\n<figure class=\"wp-block-gallery has-nested-images columns-default is-cropped wp-block-gallery-1 is-layout-flex wp-block-gallery-is-layout-flex\"><\/figure>\n\n\n\n<p><strong>PROCEDURA E APLIKIMIT<\/strong><\/p>\n\n\n\n<p>\u2022 Pranimi i nx\u00ebn\u00ebsve n\u00eb klasat <strong>1 &#8211; 10<\/strong> b\u00ebhet sipas suksesit q\u00eb tregojn\u00eb n\u00eb provimin pranues.<br>\u2022 Aplikimet mund t\u00eb b\u00ebhen personalisht n\u00eb shkoll\u00eb apo p\u00ebrmes webfaqes son\u00eb t\u00eb internetit. (N\u00eb aplikimet online v\u00ebrtetimi duhet t\u00eb dor\u00ebzohet para dat\u00ebs s\u00eb provimit ose n\u00eb dit\u00ebn e provimit).<\/p>\n\n\n\n<p>\ud835\udc0f\ud835\udc11\ud835\udc0e\ud835\udc15\ud835\udc08\ud835\udc0c\ud835\udc08 \ud835\udc0c\ud835\udc0e\ud835\udc12\ud835\udc13\ud835\udc04\u0308\ud835\udc11<\/p>\n\n\n\n<ul class=\"wp-block-list\">\n<li><a href=\"https:\/\/mackosova.com\/wp-content\/uploads\/2025\/03\/Sample-Entrance-Exam-5.pdf\" data-type=\"link\" data-id=\"https:\/\/mackosova.com\/wp-content\/uploads\/2025\/03\/Sample-Entrance-Exam-5.pdf\">Klasa 5<\/a><\/li>\n<li><a href=\"https:\/\/mackosova.com\/wp-content\/uploads\/2025\/03\/Sample-Entrance-Exam-6.pdf\" data-type=\"link\" data-id=\"https:\/\/mackosova.com\/wp-content\/uploads\/2025\/03\/Sample-Entrance-Exam-6.pdf\">Klasa 6<\/a><\/li>\n<li><a href=\"https:\/\/mackosova.com\/wp-content\/uploads\/2025\/03\/Sample-Entrance-Exam-7.pdf\" data-type=\"link\" data-id=\"https:\/\/mackosova.com\/wp-content\/uploads\/2025\/03\/Sample-Entrance-Exam-7.pdf\">Klasa 7<\/a><\/li>\n<li><a href=\"https:\/\/mackosova.com\/wp-content\/uploads\/2025\/03\/Sample-Entrance-Exam-8.pdf\" data-type=\"link\" data-id=\"https:\/\/mackosova.com\/wp-content\/uploads\/2025\/03\/Sample-Entrance-Exam-8.pdf\">Klasa 8<\/a><\/li>\n<li><a href=\"https:\/\/mackosova.com\/wp-content\/uploads\/2025\/03\/Sample-Entrance-Exam-9.pdf\" data-type=\"link\" data-id=\"https:\/\/mackosova.com\/wp-content\/uploads\/2025\/03\/Sample-Entrance-Exam-9.pdf\">Klasa 9<\/a><\/li>\n<\/ul>\n\n\n\n<p><strong>VENDI<\/strong><\/p>\n\n\n\n<p>\u2022 Mehmet Akif School &#8211; Lipjan<br>\u2022 Mehmet Akif School &#8211; Prizren<br>\u2022 Mehmet Akif School &#8211; Gjakova<\/p>\n","protected":false},"excerpt":{"rendered":"<p>Apliko tani ! DATA E PROVIMIT \u2022 14 Mars 2026 e shtun\u00eb \u2013 n\u00eb ora 10:00\u2022 Dit\u00ebn e provimit duhet t\u00eb keni me vete: Laps, Gom\u00eb, Mpreh\u00ebse.\u2022 Provimi p\u00ebrmban pyetje nga l\u00ebnd\u00ebt e m\u00ebposhtme: Matematik\u00eb Logjik\u00eb Fizik\u00eb Biologji Kimi Total <a href=\"https:\/\/mackosova.com\/?page_id=3290\" class=\"read-more\">Read More &#8230;<\/a><\/p>\n","protected":false},"author":1,"featured_media":5910,"parent":0,"menu_order":0,"comment_status":"closed","ping_status":"closed","template":"","meta":{"footnotes":""},"class_list":["post-3290","page","type-page","status-publish","has-post-thumbnail","hentry"],"_links":{"self":[{"href":"https:\/\/mackosova.com\/index.php?rest_route=\/wp\/v2\/pages\/3290","targetHints":{"allow":["GET"]}}],"collection":[{"href":"https:\/\/mackosova.com\/index.php?rest_route=\/wp\/v2\/pages"}],"about":[{"href":"https:\/\/mackosova.com\/index.php?rest_route=\/wp\/v2\/types\/page"}],"author":[{"embeddable":true,"href":"https:\/\/mackosova.com\/index.php?rest_route=\/wp\/v2\/users\/1"}],"replies":[{"embeddable":true,"href":"https:\/\/mackosova.com\/index.php?rest_route=%2Fwp%2Fv2%2Fcomments&post=3290"}],"version-history":[{"count":11,"href":"https:\/\/mackosova.com\/index.php?rest_route=\/wp\/v2\/pages\/3290\/revisions"}],"predecessor-version":[{"id":5914,"href":"https:\/\/mackosova.com\/index.php?rest_route=\/wp\/v2\/pages\/3290\/revisions\/5914"}],"wp:featuredmedia":[{"embeddable":true,"href":"https:\/\/mackosova.com\/index.php?rest_route=\/wp\/v2\/media\/5910"}],"wp:attachment":[{"href":"https:\/\/mackosova.com\/index.php?rest_route=%2Fwp%2Fv2%2Fmedia&parent=3290"}],"curies":[{"name":"wp","href":"https:\/\/api.w.org\/{rel}","templated":true}]}}