{"id":3292,"date":"2020-12-05T15:35:45","date_gmt":"2020-12-05T14:35:45","guid":{"rendered":"https:\/\/mackosova.com\/?page_id=3292"},"modified":"2026-04-06T15:24:46","modified_gmt":"2026-04-06T15:24:46","slug":"apply-for-iq-challenge-mac-prizren","status":"publish","type":"page","link":"https:\/\/mackosova.com\/?page_id=3292","title":{"rendered":"Apply for IQ CHALLENGE &#8211; MAC PRIZREN"},"content":{"rendered":"<h1 style=\"text-align: center;\"><strong><a href=\"https:\/\/tinyurl.com\/3rxk54td\">&gt;&gt; APPLY NOW &lt;&lt;&lt;<\/a><\/strong><\/h1>\n\n\n<p><img loading=\"lazy\" decoding=\"async\" height=\"16\" width=\"16\" alt=\"\ud83e\udde0\" src=\"https:\/\/static.xx.fbcdn.net\/images\/emoji.php\/v9\/t7c\/1\/16\/1f9e0.png\"><img loading=\"lazy\" decoding=\"async\" height=\"16\" width=\"16\" alt=\"\u2728\" src=\"https:\/\/static.xx.fbcdn.net\/images\/emoji.php\/v9\/tf4\/1\/16\/2728.png\"> IQ CHALLENGE 2026 <img loading=\"lazy\" decoding=\"async\" height=\"16\" width=\"16\" alt=\"\u2728\" src=\"https:\/\/static.xx.fbcdn.net\/images\/emoji.php\/v9\/tf4\/1\/16\/2728.png\"><img loading=\"lazy\" decoding=\"async\" height=\"16\" width=\"16\" alt=\"\ud83e\udde0\" src=\"https:\/\/static.xx.fbcdn.net\/images\/emoji.php\/v9\/t7c\/1\/16\/1f9e0.png\"><\/p>\n\n\n\n<p>Mendo. Zbulo. Fito t\u00eb ardhmen!<\/p>\n\n\n\n<p>Ftojm\u00eb t\u00eb gjith\u00eb nx\u00ebn\u00ebsit e klasave 4\u20139 t\u00eb b\u00ebhen pjes\u00eb e nj\u00eb gare unike q\u00eb sfidon logjik\u00ebn, kreativitetin dhe diturin\u00eb!<\/p>\n\n\n\n<p><strong><img loading=\"lazy\" decoding=\"async\" height=\"16\" width=\"16\" src=\"https:\/\/static.xx.fbcdn.net\/images\/emoji.php\/v9\/t7e\/1\/16\/1f4c5.png\" alt=\"\ud83d\udcc5\"> Datat dhe vendet:<\/strong><\/p>\n\n\n\n<ul class=\"wp-block-list\">\n<li><img loading=\"lazy\" decoding=\"async\" height=\"16\" width=\"16\" src=\"https:\/\/static.xx.fbcdn.net\/images\/emoji.php\/v9\/t2d\/1\/16\/1f4cd.png\" alt=\"\ud83d\udccd\"><strong> 25 Prill 2026<\/strong>, ora 10:00 &#8211; Prizren | Rahovec | Dragash<\/li>\n\n\n\n<li><img loading=\"lazy\" decoding=\"async\" height=\"16\" width=\"16\" src=\"https:\/\/static.xx.fbcdn.net\/images\/emoji.php\/v9\/t2d\/1\/16\/1f4cd.png\" alt=\"\ud83d\udccd\"><strong> 02 Maj 2026<\/strong>, ora 10:00 &#8211; Suharek\u00eb | Malishev\u00eb<\/li>\n<\/ul>\n\n\n\n<p><strong>Grupet e Pjes\u00ebmarr\u00ebsve:<\/strong><\/p>\n\n\n\n<ul class=\"wp-block-list\">\n<li>Grupi i Par\u00eb: Klasat 4-5<\/li>\n\n\n\n<li>Grupi i Dyt\u00eb: Klasat 6-7<\/li>\n\n\n\n<li>Grupi i Tret\u00eb: Klasat 8-9<\/li>\n<\/ul>\n\n\n\n<div class=\"wp-block-group is-nowrap is-layout-flex wp-container-core-group-is-layout-ad2f72ca wp-block-group-is-layout-flex\">\n<figure class=\"wp-block-image\"><img decoding=\"async\" src=\"https:\/\/static.xx.fbcdn.net\/images\/emoji.php\/v9\/t84\/1\/16\/1f381.png\" alt=\"\ud83c\udf81\"\/><\/figure>\n\n\n\n<p><strong>Shp\u00ebrblimet:<\/strong><\/p>\n<\/div>\n\n\n\n<p><\/p>\n\n\n\n<ul class=\"wp-block-list\">\n<li><img loading=\"lazy\" decoding=\"async\" height=\"16\" width=\"16\" src=\"https:\/\/static.xx.fbcdn.net\/images\/emoji.php\/v9\/t94\/1\/16\/1f947.png\" alt=\"\ud83e\udd47\"> Vendi 1 \u2013 Smartwatch<\/li>\n\n\n\n<li><img loading=\"lazy\" decoding=\"async\" height=\"16\" width=\"16\" src=\"https:\/\/static.xx.fbcdn.net\/images\/emoji.php\/v9\/t15\/1\/16\/1f948.png\" alt=\"\ud83e\udd48\"> Vendi 2 \u2013 Powerbank<\/li>\n\n\n\n<li><img loading=\"lazy\" decoding=\"async\" height=\"16\" width=\"16\" src=\"https:\/\/static.xx.fbcdn.net\/images\/emoji.php\/v9\/t96\/1\/16\/1f949.png\" alt=\"\ud83e\udd49\"> Vendi 3 \u2013 Headphones<\/li>\n<\/ul>\n\n\n\n<p><strong><img loading=\"lazy\" decoding=\"async\" height=\"16\" width=\"16\" src=\"https:\/\/static.xx.fbcdn.net\/images\/emoji.php\/v9\/t25\/1\/16\/1f393.png\" alt=\"\ud83c\udf93\"> Bursa shkollimi:<\/strong><\/p>\n\n\n\n<ul class=\"wp-block-list\">\n<li><img loading=\"lazy\" decoding=\"async\" height=\"16\" width=\"16\" src=\"https:\/\/static.xx.fbcdn.net\/images\/emoji.php\/v9\/t3d\/1\/16\/1f3c5.png\" alt=\"\ud83c\udfc5\"> 100% burs\u00eb<\/li>\n\n\n\n<li><img loading=\"lazy\" decoding=\"async\" height=\"16\" width=\"16\" src=\"https:\/\/static.xx.fbcdn.net\/images\/emoji.php\/v9\/t3d\/1\/16\/1f3c5.png\" alt=\"\ud83c\udfc5\"> 75% burs\u00eb<\/li>\n\n\n\n<li><img loading=\"lazy\" decoding=\"async\" height=\"16\" width=\"16\" src=\"https:\/\/static.xx.fbcdn.net\/images\/emoji.php\/v9\/t3d\/1\/16\/1f3c5.png\" alt=\"\ud83c\udfc5\"> 50% burs\u00eb<\/li>\n\n\n\n<li><img loading=\"lazy\" decoding=\"async\" height=\"16\" width=\"16\" src=\"https:\/\/static.xx.fbcdn.net\/images\/emoji.php\/v9\/t3d\/1\/16\/1f3c5.png\" alt=\"\ud83c\udfc5\"> 25% burs\u00eb<\/li>\n<\/ul>\n\n\n\n<div class=\"wp-block-group is-nowrap is-layout-flex wp-container-core-group-is-layout-ad2f72ca wp-block-group-is-layout-flex\">\n<figure class=\"wp-block-image\"><img decoding=\"async\" src=\"https:\/\/static.xx.fbcdn.net\/images\/emoji.php\/v9\/tac\/1\/16\/1f4cc.png\" alt=\"\ud83d\udccc\"\/><\/figure>\n\n\n\n<p><em>Mos e humb k\u00ebt\u00eb mund\u00ebsi p\u00ebr t\u00eb testuar aft\u00ebsit\u00eb e tua dhe p\u00ebr t\u00eb fituar shp\u00ebrblime dhe bursa!<\/em><\/p>\n<\/div>\n\n\n\n<p><\/p>\n\n\n\n<div class=\"wp-block-group is-nowrap is-layout-flex wp-container-core-group-is-layout-ad2f72ca wp-block-group-is-layout-flex\">\n<figure class=\"wp-block-image\"><img decoding=\"async\" src=\"https:\/\/static.xx.fbcdn.net\/images\/emoji.php\/v9\/t79\/1\/16\/1f68c.png\" alt=\"\ud83d\ude8c\"\/><\/figure>\n\n\n\n<p><strong><strong>Transport<\/strong>:<\/strong><\/p>\n<\/div>\n\n\n\n<p><\/p>\n\n\n\n<ul class=\"wp-block-list\">\n<li><img loading=\"lazy\" decoding=\"async\" height=\"16\" width=\"16\" src=\"https:\/\/static.xx.fbcdn.net\/images\/emoji.php\/v9\/t2d\/1\/16\/1f4cd.png\" alt=\"\ud83d\udccd\"> <strong>Prizren<\/strong>: Transporti niset n\u00eb or\u00ebn 09:00 nga ish-Benafi (transporti \u00ebsht\u00eb me pages\u00eb: vajtje-ardhje 2.00 euro).<\/li>\n\n\n\n<li><img loading=\"lazy\" decoding=\"async\" height=\"16\" width=\"16\" src=\"https:\/\/static.xx.fbcdn.net\/images\/emoji.php\/v9\/t2d\/1\/16\/1f4cd.png\" alt=\"\ud83d\udccd\"> <strong>Suharek\u00eb<\/strong>: Transporti niset n\u00eb or\u00ebn 09:00 nga Stacioni i autobus\u00ebve (vajtje-ardhje 2.00 euro).<\/li>\n\n\n\n<li><img loading=\"lazy\" decoding=\"async\" height=\"16\" width=\"16\" src=\"https:\/\/static.xx.fbcdn.net\/images\/emoji.php\/v9\/t2d\/1\/16\/1f4cd.png\" alt=\"\ud83d\udccd\"> <strong>Rahovec<\/strong>: Transporti niset n\u00eb or\u00ebn 08:45 nga Stacioni i autobus\u00ebve (vajtje-ardhje 4.00 euro).<\/li>\n\n\n\n<li><img loading=\"lazy\" decoding=\"async\" height=\"16\" width=\"16\" src=\"https:\/\/static.xx.fbcdn.net\/images\/emoji.php\/v9\/t2d\/1\/16\/1f4cd.png\" alt=\"\ud83d\udccd\"> <strong>X\u00ebrx\u00eb<\/strong>: Transporti niset n\u00eb or\u00ebn 09:00 nga Shell (vajtje-ardhje 4.00 euro).<\/li>\n\n\n\n<li><img loading=\"lazy\" decoding=\"async\" height=\"16\" width=\"16\" src=\"https:\/\/static.xx.fbcdn.net\/images\/emoji.php\/v9\/t2d\/1\/16\/1f4cd.png\" alt=\"\ud83d\udccd\"> <strong>Malishev\u00eb<\/strong>: Transporti niset n\u00eb or\u00ebn 08:45 nga Stacioni i autobus\u00ebve (vajtje-ardhje 4.00 euro).<\/li>\n<\/ul>\n\n\n\n<p><strong>Provimi Most\u00ebr:<\/strong><\/p>\n\n\n\n<ul class=\"wp-block-list\">\n<li><a href=\"https:\/\/mackosova.com\/wp-content\/uploads\/2024\/04\/Sample-IQ-Challenge-Class-5.pdf\" data-type=\"link\" data-id=\"https:\/\/mackosova.com\/wp-content\/uploads\/2024\/04\/Sample-IQ-Challenge-Class-5.pdf\">Klasa 5<\/a><\/li>\n\n\n\n<li><a href=\"https:\/\/mackosova.com\/wp-content\/uploads\/2024\/04\/Sample-IQ-Challenge-Class-6.pdf\" data-type=\"link\" data-id=\"https:\/\/mackosova.com\/wp-content\/uploads\/2024\/04\/Sample-IQ-Challenge-Class-6.pdf\">Klasa 6<\/a><\/li>\n\n\n\n<li><a href=\"https:\/\/mackosova.com\/wp-content\/uploads\/2024\/04\/Sample-IQ-Challenge-Class-7.pdf\" data-type=\"link\" data-id=\"https:\/\/mackosova.com\/wp-content\/uploads\/2024\/04\/Sample-IQ-Challenge-Class-7.pdf\">Klasa 7<\/a><\/li>\n\n\n\n<li><a href=\"https:\/\/mackosova.com\/wp-content\/uploads\/2024\/04\/Sample-IQ-Challenge-Class-8.pdf\" data-type=\"link\" data-id=\"https:\/\/mackosova.com\/wp-content\/uploads\/2024\/04\/Sample-IQ-Challenge-Class-8.pdf\">Klasa 8<\/a><\/li>\n\n\n\n<li><a href=\"https:\/\/mackosova.com\/wp-content\/uploads\/2024\/04\/Sample-IQ-Challenge-Class-9.pdf\" data-type=\"link\" data-id=\"https:\/\/mackosova.com\/wp-content\/uploads\/2024\/04\/Sample-IQ-Challenge-Class-9.pdf\">Klasa 9<\/a><\/li>\n<\/ul>\n","protected":false},"excerpt":{"rendered":"<p>&gt;&gt; APPLY NOW &lt;&lt;&lt; IQ CHALLENGE 2026 Mendo. Zbulo. Fito t\u00eb ardhmen! Ftojm\u00eb t\u00eb gjith\u00eb nx\u00ebn\u00ebsit e klasave 4\u20139 t\u00eb b\u00ebhen pjes\u00eb e nj\u00eb gare unike q\u00eb sfidon logjik\u00ebn, kreativitetin dhe diturin\u00eb! Datat dhe vendet: Grupet e Pjes\u00ebmarr\u00ebsve: Shp\u00ebrblimet: Bursa <a href=\"https:\/\/mackosova.com\/?page_id=3292\" class=\"read-more\">Read More &#8230;<\/a><\/p>\n","protected":false},"author":1,"featured_media":5917,"parent":0,"menu_order":0,"comment_status":"closed","ping_status":"closed","template":"","meta":{"footnotes":""},"class_list":["post-3292","page","type-page","status-publish","has-post-thumbnail","hentry"],"_links":{"self":[{"href":"https:\/\/mackosova.com\/index.php?rest_route=\/wp\/v2\/pages\/3292","targetHints":{"allow":["GET"]}}],"collection":[{"href":"https:\/\/mackosova.com\/index.php?rest_route=\/wp\/v2\/pages"}],"about":[{"href":"https:\/\/mackosova.com\/index.php?rest_route=\/wp\/v2\/types\/page"}],"author":[{"embeddable":true,"href":"https:\/\/mackosova.com\/index.php?rest_route=\/wp\/v2\/users\/1"}],"replies":[{"embeddable":true,"href":"https:\/\/mackosova.com\/index.php?rest_route=%2Fwp%2Fv2%2Fcomments&post=3292"}],"version-history":[{"count":14,"href":"https:\/\/mackosova.com\/index.php?rest_route=\/wp\/v2\/pages\/3292\/revisions"}],"predecessor-version":[{"id":5934,"href":"https:\/\/mackosova.com\/index.php?rest_route=\/wp\/v2\/pages\/3292\/revisions\/5934"}],"wp:featuredmedia":[{"embeddable":true,"href":"https:\/\/mackosova.com\/index.php?rest_route=\/wp\/v2\/media\/5917"}],"wp:attachment":[{"href":"https:\/\/mackosova.com\/index.php?rest_route=%2Fwp%2Fv2%2Fmedia&parent=3292"}],"curies":[{"name":"wp","href":"https:\/\/api.w.org\/{rel}","templated":true}]}}