{"id":34,"date":"2015-11-28T23:29:43","date_gmt":"2015-11-28T22:29:43","guid":{"rendered":"http:\/\/51.254.196.105\/?page_id=32"},"modified":"2015-11-28T23:29:43","modified_gmt":"2015-11-28T22:29:43","slug":"vlerat-tona","status":"publish","type":"page","link":"https:\/\/mackosova.com\/?page_id=34","title":{"rendered":"Our Values"},"content":{"rendered":"<p id=\"tw-target-text\" class=\"tw-data-text tw-text-large XcVN5d tw-ta\" dir=\"ltr\" data-placeholder=\"Translation\"><span lang=\"en\">&#8220;Mehmet Akif&#8221; School has listed their basic values \u200b\u200bas follows: <\/span><\/p>\n<ul>\n<li class=\"tw-data-text tw-text-large XcVN5d tw-ta\" dir=\"ltr\" data-placeholder=\"Translation\"><span lang=\"en\">Qualitative<\/span><\/li>\n<li class=\"tw-data-text tw-text-large XcVN5d tw-ta\" dir=\"ltr\" data-placeholder=\"Translation\"><span lang=\"en\">Contemporary<\/span><\/li>\n<li class=\"tw-data-text tw-text-large XcVN5d tw-ta\" dir=\"ltr\" data-placeholder=\"Translation\"><span lang=\"en\">Credibility<\/span><\/li>\n<li class=\"tw-data-text tw-text-large XcVN5d tw-ta\" dir=\"ltr\" data-placeholder=\"Translation\"><span lang=\"en\">Originality<\/span><\/li>\n<li class=\"tw-data-text tw-text-large XcVN5d tw-ta\" dir=\"ltr\" data-placeholder=\"Translation\"><span lang=\"en\">Team work<\/span><\/li>\n<\/ul>\n<hr \/>\n<p>Shkolla \u201cMehmet Akif\u201d vlerat e tyre baz\u00eb i kan\u00eb radhitur si n\u00eb vijim:<\/p>\n<ul>\n<li>Cil\u00ebsor<\/li>\n<li>Bashk\u00ebkohor<\/li>\n<li>Besueshm\u00ebri<\/li>\n<li>Origjinalitet<\/li>\n<li>Pun\u00eb ekipore<\/li>\n<\/ul>\n","protected":false},"excerpt":{"rendered":"<p>&#8220;Mehmet Akif&#8221; School has listed their basic values \u200b\u200bas follows: Qualitative Contemporary Credibility Originality Team work Shkolla \u201cMehmet Akif\u201d vlerat e tyre baz\u00eb i kan\u00eb radhitur si n\u00eb vijim: Cil\u00ebsor Bashk\u00ebkohor Besueshm\u00ebri Origjinalitet Pun\u00eb ekipore<\/p>\n","protected":false},"author":1,"featured_media":0,"parent":0,"menu_order":0,"comment_status":"closed","ping_status":"closed","template":"","meta":{"footnotes":""},"class_list":["post-34","page","type-page","status-publish","hentry"],"_links":{"self":[{"href":"https:\/\/mackosova.com\/index.php?rest_route=\/wp\/v2\/pages\/34","targetHints":{"allow":["GET"]}}],"collection":[{"href":"https:\/\/mackosova.com\/index.php?rest_route=\/wp\/v2\/pages"}],"about":[{"href":"https:\/\/mackosova.com\/index.php?rest_route=\/wp\/v2\/types\/page"}],"author":[{"embeddable":true,"href":"https:\/\/mackosova.com\/index.php?rest_route=\/wp\/v2\/users\/1"}],"replies":[{"embeddable":true,"href":"https:\/\/mackosova.com\/index.php?rest_route=%2Fwp%2Fv2%2Fcomments&post=34"}],"version-history":[{"count":0,"href":"https:\/\/mackosova.com\/index.php?rest_route=\/wp\/v2\/pages\/34\/revisions"}],"wp:attachment":[{"href":"https:\/\/mackosova.com\/index.php?rest_route=%2Fwp%2Fv2%2Fmedia&parent=34"}],"curies":[{"name":"wp","href":"https:\/\/api.w.org\/{rel}","templated":true}]}}