{"id":4533,"date":"2021-04-15T08:28:13","date_gmt":"2021-04-15T08:28:13","guid":{"rendered":"https:\/\/mackosova.com\/?page_id=4533"},"modified":"2026-04-10T09:35:33","modified_gmt":"2026-04-10T09:35:33","slug":"apply-for-iq-challenge-mac-lipjan","status":"publish","type":"page","link":"https:\/\/mackosova.com\/?page_id=4533","title":{"rendered":"Apply for IQ CHALLENGE \u2013 MAC LIPJAN"},"content":{"rendered":"<h1 style=\"text-align: center;\"><strong><a href=\"https:\/\/tinyurl.com\/bdey2pms\">&gt;&gt; APPLY NOW &lt;&lt;&lt;<\/a><\/strong><\/h1>\n\n\n<div class=\"wp-block-group is-nowrap is-layout-flex wp-container-core-group-is-layout-ad2f72ca wp-block-group-is-layout-flex\">\n<figure class=\"wp-block-image\"><img decoding=\"async\" src=\"https:\/\/static.xx.fbcdn.net\/images\/emoji.php\/v9\/t39\/1\/16\/1f4e2.png\" alt=\"\ud83d\udce2\"\/><\/figure>\n\n\n\n<p>MAC Challenge po vjen!<\/p>\n<\/div>\n\n\n\n<p>Ju njoftojm\u00eb se gara MAC Challenge do t\u00eb mbahet m\u00eb <strong>25.04.2026<\/strong>, n\u00eb ora <strong>10:00<\/strong>, n\u00eb <strong>MAC Lipjan<\/strong>.<br><br>Gara \u00ebsht\u00eb e dedikuar p\u00ebr nx\u00ebn\u00ebsit e klasave 5, 6, 7, 8 dhe 9 nga<\/p>\n\n\n\n<ul class=\"wp-block-list\">\n<li>Ferizaj<\/li>\n\n\n\n<li>Ka\u00e7anik<\/li>\n\n\n\n<li>Viti<\/li>\n\n\n\n<li>Hani i Elezit<\/li>\n<\/ul>\n\n\n\n<div class=\"wp-block-group is-nowrap is-layout-flex wp-container-core-group-is-layout-ad2f72ca wp-block-group-is-layout-flex\">\n<figure class=\"wp-block-image\"><img decoding=\"async\" src=\"https:\/\/static.xx.fbcdn.net\/images\/emoji.php\/v9\/t5c\/1\/16\/1f5d3.png\" alt=\"\ud83d\uddd3\ufe0f\"\/><\/figure>\n\n\n\n<p><strong>Programi<\/strong><\/p>\n<\/div>\n\n\n\n<p><\/p>\n\n\n\n<ul class=\"wp-block-list\">\n<li><img loading=\"lazy\" decoding=\"async\" height=\"16\" width=\"16\" src=\"https:\/\/static.xx.fbcdn.net\/images\/emoji.php\/v9\/tb0\/1\/16\/1f558.png\" alt=\"\ud83d\udd58\"> 09:30 \u2013 Arritja e nx\u00ebn\u00ebsve n\u00eb shkoll\u00eb<\/li>\n\n\n\n<li><img loading=\"lazy\" decoding=\"async\" height=\"16\" width=\"16\" src=\"https:\/\/static.xx.fbcdn.net\/images\/emoji.php\/v9\/t7c\/1\/16\/1f9e0.png\" alt=\"\ud83e\udde0\"> 10:00 \u2013 11:00 \u2013 Testi<\/li>\n\n\n\n<li><img loading=\"lazy\" decoding=\"async\" height=\"16\" width=\"16\" src=\"https:\/\/static.xx.fbcdn.net\/images\/emoji.php\/v9\/tfc\/1\/16\/1f96a.png\" alt=\"\ud83e\udd6a\"> 11:00 \u2013 11:45 \u2013 Dreka<\/li>\n\n\n\n<li><img loading=\"lazy\" decoding=\"async\" height=\"16\" width=\"16\" src=\"https:\/\/static.xx.fbcdn.net\/images\/emoji.php\/v9\/t49\/1\/16\/1f4da.png\" alt=\"\ud83d\udcda\"> 11:45 \u2013 12:45 \u2013 Aktivitet \/ or\u00eb m\u00ebsimore<\/li>\n\n\n\n<li><img loading=\"lazy\" decoding=\"async\" height=\"16\" width=\"16\" src=\"https:\/\/static.xx.fbcdn.net\/images\/emoji.php\/v9\/tbe\/1\/16\/1f3c6.png\" alt=\"\ud83c\udfc6\"> 13:00 \u2013 Ceremonia e shpalljes s\u00eb rezultateve<\/li>\n<\/ul>\n\n\n\n<div class=\"wp-block-group is-nowrap is-layout-flex wp-container-core-group-is-layout-ad2f72ca wp-block-group-is-layout-flex\">\n<figure class=\"wp-block-image\"><img decoding=\"async\" src=\"https:\/\/static.xx.fbcdn.net\/images\/emoji.php\/v9\/t84\/1\/16\/1f381.png\" alt=\"\ud83c\udf81\"\/><\/figure>\n\n\n\n<p><strong>Shp\u00ebrblimet<\/strong><\/p>\n<\/div>\n\n\n\n<p><\/p>\n\n\n\n<ul class=\"wp-block-list\">\n<li><img loading=\"lazy\" decoding=\"async\" height=\"16\" width=\"16\" src=\"https:\/\/static.xx.fbcdn.net\/images\/emoji.php\/v9\/t94\/1\/16\/1f947.png\" alt=\"\ud83e\udd47\"> Vendi i par\u00eb: Smartwatch<\/li>\n\n\n\n<li><img loading=\"lazy\" decoding=\"async\" height=\"16\" width=\"16\" src=\"https:\/\/static.xx.fbcdn.net\/images\/emoji.php\/v9\/t15\/1\/16\/1f948.png\" alt=\"\ud83e\udd48\"> Vendi i dyt\u00eb: Powerbank<\/li>\n\n\n\n<li><img loading=\"lazy\" decoding=\"async\" height=\"16\" width=\"16\" src=\"https:\/\/static.xx.fbcdn.net\/images\/emoji.php\/v9\/t96\/1\/16\/1f949.png\" alt=\"\ud83e\udd49\"> Vendi i tret\u00eb: Headphones<\/li>\n<\/ul>\n\n\n\n<div class=\"wp-block-group is-nowrap is-layout-flex wp-container-core-group-is-layout-ad2f72ca wp-block-group-is-layout-flex\">\n<figure class=\"wp-block-image\"><img decoding=\"async\" src=\"https:\/\/static.xx.fbcdn.net\/images\/emoji.php\/v9\/tcc\/1\/16\/1f4dd.png\" alt=\"\ud83d\udcdd\"\/><\/figure>\n\n\n\n<p>Testi zgjat 45 minuta dhe p\u00ebrmban 30 pyetje.<\/p>\n<\/div>\n\n\n\n<p>IQ Challenge do t\u00eb mbahet m\u00eb 27 prill n\u00eb shkoll\u00ebn \u201cMehmet Akif, n\u00eb Banull\u00eb t\u00eb Lipjanit, n\u00eb or\u00ebn 10:00.<\/p>\n\n\n\n<div class=\"wp-block-group is-nowrap is-layout-flex wp-container-core-group-is-layout-ad2f72ca wp-block-group-is-layout-flex\">\n<figure class=\"wp-block-image\"><img decoding=\"async\" src=\"https:\/\/static.xx.fbcdn.net\/images\/emoji.php\/v9\/t79\/1\/16\/1f68c.png\" alt=\"\ud83d\ude8c\"\/><\/figure>\n\n\n\n<p><strong>Transporti <\/strong>(3\u20ac vajtje-ardhje)<\/p>\n<\/div>\n\n\n\n<p><\/p>\n\n\n\n<ul class=\"wp-block-list\">\n<li>Hani i Elezit \u2013 08:00 (Viva Fresh)<\/li>\n\n\n\n<li>Ka\u00e7anik \u2013 08:30 (Stacioni i autobus\u00ebve)<\/li>\n\n\n\n<li>Viti \u2013 08:30 (te stacioni i autobus\u00ebve n\u00eb qytet)<\/li>\n\n\n\n<li>Ferizaj \u2013 09:00 (Hib Petrol)<\/li>\n<\/ul>\n\n\n\n<p>Testo veten. Sfido mendjen t\u00ebnde.<\/p>\n\n\n\n<p><strong>Provimi Most\u00ebr:<\/strong><\/p>\n\n\n\n<ul class=\"wp-block-list\">\n<li><a href=\"https:\/\/mackosova.com\/wp-content\/uploads\/2024\/04\/Sample-IQ-Challenge-Class-5.pdf\" data-type=\"link\" data-id=\"https:\/\/mackosova.com\/wp-content\/uploads\/2024\/04\/Sample-IQ-Challenge-Class-5.pdf\">Klasa 5<\/a><\/li>\n\n\n\n<li><a href=\"https:\/\/mackosova.com\/wp-content\/uploads\/2024\/04\/Sample-IQ-Challenge-Class-6.pdf\" data-type=\"link\" data-id=\"https:\/\/mackosova.com\/wp-content\/uploads\/2024\/04\/Sample-IQ-Challenge-Class-6.pdf\">Klasa 6<\/a><\/li>\n\n\n\n<li><a href=\"https:\/\/mackosova.com\/wp-content\/uploads\/2024\/04\/Sample-IQ-Challenge-Class-7.pdf\" data-type=\"link\" data-id=\"https:\/\/mackosova.com\/wp-content\/uploads\/2024\/04\/Sample-IQ-Challenge-Class-7.pdf\">Klasa 7<\/a><\/li>\n\n\n\n<li><a href=\"https:\/\/mackosova.com\/wp-content\/uploads\/2024\/04\/Sample-IQ-Challenge-Class-8.pdf\" data-type=\"link\" data-id=\"https:\/\/mackosova.com\/wp-content\/uploads\/2024\/04\/Sample-IQ-Challenge-Class-8.pdf\">Klasa 8<\/a><\/li>\n\n\n\n<li><a href=\"https:\/\/mackosova.com\/wp-content\/uploads\/2024\/04\/Sample-IQ-Challenge-Class-9.pdf\" data-type=\"link\" data-id=\"https:\/\/mackosova.com\/wp-content\/uploads\/2024\/04\/Sample-IQ-Challenge-Class-9.pdf\">Klasa 9<\/a><\/li>\n<\/ul>\n","protected":false},"excerpt":{"rendered":"<p>&gt;&gt; APPLY NOW &lt;&lt;&lt; MAC Challenge po vjen! Ju njoftojm\u00eb se gara MAC Challenge do t\u00eb mbahet m\u00eb 25.04.2026, n\u00eb ora 10:00, n\u00eb MAC Lipjan. Gara \u00ebsht\u00eb e dedikuar p\u00ebr nx\u00ebn\u00ebsit e klasave 5, 6, 7, 8 dhe 9 nga <a href=\"https:\/\/mackosova.com\/?page_id=4533\" class=\"read-more\">Read More &#8230;<\/a><\/p>\n","protected":false},"author":1,"featured_media":5949,"parent":0,"menu_order":0,"comment_status":"closed","ping_status":"closed","template":"","meta":{"footnotes":""},"class_list":["post-4533","page","type-page","status-publish","has-post-thumbnail","hentry"],"_links":{"self":[{"href":"https:\/\/mackosova.com\/index.php?rest_route=\/wp\/v2\/pages\/4533","targetHints":{"allow":["GET"]}}],"collection":[{"href":"https:\/\/mackosova.com\/index.php?rest_route=\/wp\/v2\/pages"}],"about":[{"href":"https:\/\/mackosova.com\/index.php?rest_route=\/wp\/v2\/types\/page"}],"author":[{"embeddable":true,"href":"https:\/\/mackosova.com\/index.php?rest_route=\/wp\/v2\/users\/1"}],"replies":[{"embeddable":true,"href":"https:\/\/mackosova.com\/index.php?rest_route=%2Fwp%2Fv2%2Fcomments&post=4533"}],"version-history":[{"count":8,"href":"https:\/\/mackosova.com\/index.php?rest_route=\/wp\/v2\/pages\/4533\/revisions"}],"predecessor-version":[{"id":5959,"href":"https:\/\/mackosova.com\/index.php?rest_route=\/wp\/v2\/pages\/4533\/revisions\/5959"}],"wp:featuredmedia":[{"embeddable":true,"href":"https:\/\/mackosova.com\/index.php?rest_route=\/wp\/v2\/media\/5949"}],"wp:attachment":[{"href":"https:\/\/mackosova.com\/index.php?rest_route=%2Fwp%2Fv2%2Fmedia&parent=4533"}],"curies":[{"name":"wp","href":"https:\/\/api.w.org\/{rel}","templated":true}]}}