{"id":5803,"date":"2025-09-05T12:40:12","date_gmt":"2025-09-05T12:40:12","guid":{"rendered":"https:\/\/mackosova.com\/?page_id=5803"},"modified":"2025-09-05T13:11:05","modified_gmt":"2025-09-05T13:11:05","slug":"character-education","status":"publish","type":"page","link":"https:\/\/mackosova.com\/?page_id=5803","title":{"rendered":"Programi"},"content":{"rendered":"\n<h1 class=\"wp-block-heading has-normal-font-size\">Hyrje<\/h1>\n\n\n\n<p>Shkolla jon\u00eb ka n\u00eb qend\u00ebr t\u00eb misionit t\u00eb saj formimin e plot\u00eb t\u00eb nx\u00ebn\u00ebsve, duke kombinuar arritjet akademike me zhvillimin personal, moral dhe shoq\u00ebror. Edukimi i karakterit \u00ebsht\u00eb nj\u00eb nga prioritetet kryesore t\u00eb institucionit ton\u00eb, pasi besojm\u00eb se suksesi i v\u00ebrtet\u00eb arrihet kur nx\u00ebn\u00ebsit b\u00ebhen individ\u00eb t\u00eb p\u00ebrgjegjsh\u00ebm, t\u00eb ndersh\u00ebm dhe t\u00eb aft\u00eb p\u00ebr t\u00eb kontribuar pozitivisht n\u00eb komunitet.<\/p>\n\n\n\n<p>Me an\u00eb t\u00eb aktiviteteve t\u00eb ndryshme, diskutimeve, shembujve praktik\u00eb dhe iniciativave shoq\u00ebrore, ne u japim nx\u00ebn\u00ebsve hap\u00ebsir\u00eb t\u00eb reflektojn\u00eb, t\u00eb praktikojn\u00eb dhe t\u00eb zhvillojn\u00eb k\u00ebto cil\u00ebsi. Edukimi i karakterit i ndihmon ata t\u00eb b\u00ebhen jo vet\u00ebm nx\u00ebn\u00ebs m\u00eb t\u00eb mir\u00eb, por edhe f\u00ebmij\u00eb t\u00eb lumtur, t\u00eb sjellsh\u00ebm dhe qytetar\u00eb t\u00eb p\u00ebrgjegjsh\u00ebm.<\/p>\n\n\n\n<h1 class=\"wp-block-heading has-normal-font-size\">Q\u00ebllimi i Programit<\/h1>\n\n\n\n<p>Q\u00ebllimi kryesor i Edukimit t\u00eb Karakterit \u00ebsht\u00eb:<\/p>\n\n\n\n<ul class=\"wp-block-list\">\n<li>Formimi i vlerave themelore njer\u00ebzore tek nx\u00ebn\u00ebsit.<\/li>\n\n\n\n<li>Zhvillimi i aft\u00ebsive sociale dhe emocionale.<\/li>\n\n\n\n<li>Nd\u00ebrtimi i nj\u00eb identiteti t\u00eb sh\u00ebndetsh\u00ebm personal dhe qytetar.<\/li>\n\n\n\n<li>Nxitja e mendimit kritik dhe etik.<\/li>\n\n\n\n<li>P\u00ebrgatitja e nx\u00ebn\u00ebsve p\u00ebr jet\u00eb duke u dh\u00ebn\u00eb aft\u00ebsin\u00eb t\u00eb marrin vendime t\u00eb drejta dhe t\u00eb nd\u00ebrgjegjshme.<\/li>\n<\/ul>\n\n\n\n<h1 class=\"wp-block-heading has-normal-font-size\">Fushat Kryesore t\u00eb Fokusit<\/h1>\n\n\n\n<p>Programi i Edukimit t\u00eb Karakterit p\u00ebrfshin fushat e m\u00ebposhtme:<\/p>\n\n\n\n<ol class=\"wp-block-list\">\n<li>Vlerat morale \u2013 ndershm\u00ebria, respekti, mir\u00ebsia, mir\u00ebnjohja, drejt\u00ebsia.<\/li>\n\n\n\n<li>P\u00ebrgjegj\u00ebsia personale \u2013 aft\u00ebsia p\u00ebr t\u00eb marr\u00eb dhe mbajtur p\u00ebrgjegj\u00ebsi p\u00ebr zgjedhjet dhe veprimet.<\/li>\n\n\n\n<li>Bashk\u00ebpunimi dhe lidershipi \u2013 puna n\u00eb grup, ndihmesa reciproke dhe udh\u00ebheqja me shembull pozitiv.<\/li>\n\n\n\n<li>Ndjeshm\u00ebria dhe empatia \u2013 respektimi dhe kuptimi i ndjenjave t\u00eb t\u00eb tjer\u00ebve.<\/li>\n\n\n\n<li>Kontributi n\u00eb komunitet \u2013 zhvillimi i vet\u00ebdijes p\u00ebr t\u00eb qen\u00eb aktiv dhe i dobish\u00ebm n\u00eb shoq\u00ebri.<\/li>\n\n\n\n<li>Aft\u00ebsia p\u00ebr t\u00eb marr\u00eb vendime etike \u2013 t\u00eb m\u00ebsojn\u00eb t\u00eb dallojn\u00eb mes t\u00eb drejt\u00ebs dhe t\u00eb gabuar\u00ebs n\u00eb situata reale.<\/li>\n\n\n\n<li>Vet\u00ebdisiplina \u2013 t\u00eb zhvillojn\u00eb kontrollin e emocioneve dhe t\u00eb sjelljes n\u00eb situata t\u00eb ndryshme.<\/li>\n<\/ol>\n\n\n\n<h1 class=\"wp-block-heading has-normal-font-size\">Metodologjia e Zbatimit<\/h1>\n\n\n\n<ul class=\"wp-block-list\">\n<li>Integrimi i temave t\u00eb karakterit n\u00eb or\u00ebt m\u00ebsimore.<\/li>\n\n\n\n<li>Aktivitetet praktike n\u00eb klas\u00eb dhe jasht\u00eb saj.<\/li>\n\n\n\n<li>Projekte n\u00eb sh\u00ebrbim t\u00eb komunitetit.<\/li>\n\n\n\n<li>Diskutime dhe reflektime t\u00eb rregullta mbi vlerat.<\/li>\n\n\n\n<li>Bashk\u00ebpunimi i ngusht\u00eb me prind\u00ebrit p\u00ebr t\u00eb forcuar ndikimin edhe jasht\u00eb shkoll\u00ebs.<\/li>\n\n\n\n<li>Vler\u00ebsim i vazhduesh\u00ebm mbi p\u00ebrparimin n\u00eb sjellje, bashk\u00ebpunim dhe p\u00ebrgjegj\u00ebsi.<\/li>\n<\/ul>\n\n\n\n<h1 class=\"wp-block-heading has-normal-font-size\">Rezultatet e Pritshme<\/h1>\n\n\n\n<p>Me an\u00eb t\u00eb k\u00ebtij programi, synojm\u00eb q\u00eb nx\u00ebn\u00ebsit:<\/p>\n\n\n\n<ul class=\"wp-block-list\">\n<li>T\u00eb zhvillojn\u00eb vlera dhe virtyte t\u00eb q\u00ebndrueshme.<\/li>\n\n\n\n<li>T\u00eb nd\u00ebrtojn\u00eb marr\u00ebdh\u00ebnie t\u00eb sh\u00ebndetshme me bashk\u00ebmoshatar\u00ebt, m\u00ebsuesit, familjet dhe komunitetin.<\/li>\n\n\n\n<li>T\u00eb jen\u00eb t\u00eb vet\u00ebdijsh\u00ebm p\u00ebr rolin e tyre si qytetar\u00eb aktiv\u00eb dhe t\u00eb p\u00ebrgjegjsh\u00ebm.<\/li>\n\n\n\n<li>T\u00eb rriten si individ\u00eb t\u00eb kompletuar, t\u00eb gatsh\u00ebm p\u00ebr t\u00eb p\u00ebrballuar sfidat e jet\u00ebs me integritet dhe siguri.<\/li>\n\n\n\n<li>T\u00eb shfaqin m\u00eb shum\u00eb iniciativ\u00eb dhe kreativitet n\u00eb zgjidhjen e problemeve.<\/li>\n\n\n\n<li>T\u00eb jen\u00eb t\u00eb nd\u00ebrgjegjsh\u00ebm p\u00ebr pasojat e veprimeve t\u00eb tyre, jo vet\u00ebm p\u00ebr veten, por edhe p\u00ebr t\u00eb tjer\u00ebt.<\/li>\n\n\n\n<li>\u00a0T\u00eb krijojn\u00eb nj\u00eb ndjenj\u00eb p\u00ebrkat\u00ebsie dhe komuniteti brenda shkoll\u00ebs.<\/li>\n<\/ul>\n\n\n\n<h1 class=\"wp-block-heading has-normal-font-size\">P\u00ebrfundim<\/h1>\n\n\n\n<p>Edukimi i karakterit n\u00eb shkoll\u00ebn ton\u00eb nuk shihet si nj\u00eb program shtes\u00eb, por si pjes\u00eb integrale e procesit arsimor, i cili sh\u00ebrben si baz\u00eb p\u00ebr zhvillimin e nx\u00ebn\u00ebsve aktiv\u00eb, t\u00eb ndersh\u00ebm dhe t\u00eb p\u00ebrgjegjsh\u00ebm, q\u00eb kontribuojn\u00eb p\u00ebr nj\u00eb shoq\u00ebri m\u00eb t\u00eb drejt\u00eb.<\/p>\n\n\n\n<p>Edukimi i karakterit forcon lidhjen midis shkoll\u00ebs, familjes dhe komunitetit. P\u00ebrmes tij, ne synojm\u00eb t\u00eb nd\u00ebrtojm\u00eb nj\u00eb kultur\u00eb shkolle ku mbizot\u00ebrojn\u00eb respekti, bashk\u00ebpunimi, p\u00ebrgjegj\u00ebsia dhe dashuria p\u00ebr t\u00eb m\u00ebsuar.<\/p>\n","protected":false},"excerpt":{"rendered":"<p>Hyrje Shkolla jon\u00eb ka n\u00eb qend\u00ebr t\u00eb misionit t\u00eb saj formimin e plot\u00eb t\u00eb nx\u00ebn\u00ebsve, duke kombinuar arritjet akademike me zhvillimin personal, moral dhe shoq\u00ebror. Edukimi i karakterit \u00ebsht\u00eb nj\u00eb nga prioritetet kryesore t\u00eb institucionit ton\u00eb, pasi besojm\u00eb se suksesi <a href=\"https:\/\/mackosova.com\/?page_id=5803\" class=\"read-more\">Read More &#8230;<\/a><\/p>\n","protected":false},"author":2,"featured_media":0,"parent":0,"menu_order":0,"comment_status":"closed","ping_status":"closed","template":"","meta":{"footnotes":""},"class_list":["post-5803","page","type-page","status-publish","hentry"],"_links":{"self":[{"href":"https:\/\/mackosova.com\/index.php?rest_route=\/wp\/v2\/pages\/5803","targetHints":{"allow":["GET"]}}],"collection":[{"href":"https:\/\/mackosova.com\/index.php?rest_route=\/wp\/v2\/pages"}],"about":[{"href":"https:\/\/mackosova.com\/index.php?rest_route=\/wp\/v2\/types\/page"}],"author":[{"embeddable":true,"href":"https:\/\/mackosova.com\/index.php?rest_route=\/wp\/v2\/users\/2"}],"replies":[{"embeddable":true,"href":"https:\/\/mackosova.com\/index.php?rest_route=%2Fwp%2Fv2%2Fcomments&post=5803"}],"version-history":[{"count":6,"href":"https:\/\/mackosova.com\/index.php?rest_route=\/wp\/v2\/pages\/5803\/revisions"}],"predecessor-version":[{"id":5840,"href":"https:\/\/mackosova.com\/index.php?rest_route=\/wp\/v2\/pages\/5803\/revisions\/5840"}],"wp:attachment":[{"href":"https:\/\/mackosova.com\/index.php?rest_route=%2Fwp%2Fv2%2Fmedia&parent=5803"}],"curies":[{"name":"wp","href":"https:\/\/api.w.org\/{rel}","templated":true}]}}