{"id":5822,"date":"2025-09-05T12:59:49","date_gmt":"2025-09-05T12:59:49","guid":{"rendered":"https:\/\/mackosova.com\/?page_id=5822"},"modified":"2025-09-30T22:15:08","modified_gmt":"2025-09-30T22:15:08","slug":"sistemi-i-pikeve-te-meritave","status":"publish","type":"page","link":"https:\/\/mackosova.com\/?page_id=5822","title":{"rendered":"Sistemi i Pik\u00ebve"},"content":{"rendered":"\n<p>Kriteret q\u00eb do t\u00eb merren parasysh<\/p>\n\n\n\n<p><strong>P\u00ebrpjekja akademike dhe Suksesi<\/strong><\/p>\n\n\n\n<ul class=\"wp-block-list\">\n<li>Pjes\u00ebmarrja e vazhdueshme aktive n\u00eb or\u00ebnm\u00ebsimore<\/li>\n\n\n\n<li>Hyrja n\u00eb koh\u00eb n\u00eb \u00e7do or\u00eb m\u00ebsimore gjat\u00eb nj\u00ebsemestri<\/li>\n\n\n\n<li>Dor\u00ebzimi i projekteve me koh\u00eb dhe me kujdes<\/li>\n\n\n\n<li>Kontributi n\u00eb m\u00ebsim me nj\u00eb projekt, video oseprezantim<\/li>\n\n\n\n<li>Shpjegimi i m\u00ebsimeve p\u00ebr shok\u00ebt e klas\u00ebs ose p\u00ebrnx\u00ebn\u00ebsit e klasave m\u00eb t\u00eb ul\u00ebta<\/li>\n\n\n\n<li>Takime me m\u00ebsuesin\/en p\u00ebr Edukimin e Karakterit (CE)<\/li>\n\n\n\n<li>Shpjegimi i temave mujore t\u00eb Edukimit t\u00eb Karakterit (CE)<\/li>\n<\/ul>\n\n\n\n<p><strong>P\u00ebrgjegj\u00ebsia<\/strong><\/p>\n\n\n\n<ul class=\"wp-block-list\">\n<li>Mbajtja e ambientit t\u00eb shkoll\u00ebs ose klas\u00ebs t\u00eb past\u00ebrdhe e rregullt<\/li>\n\n\n\n<li>Q\u00ebndrueshm\u00ebria ndaj planeve t\u00eb hartuara mem\u00ebsuesin\/en e klas\u00ebs<\/li>\n\n\n\n<li>Pjes\u00ebmarrja n\u00eb projekte t\u00eb p\u00ebrgjegj\u00ebsis\u00eb dheprojekte n\u00eb rrjete sociale<\/li>\n\n\n\n<li>Pjes\u00ebmarrja n\u00eb grupet e CE dhe nd\u00ebrgjegj\u00ebsimi ishok\u00ebve<\/li>\n\n\n\n<li>Organizimi i nj\u00eb programi CE me familjen n\u00eb shkoll\u00ebose jasht\u00eb saj<\/li>\n\n\n\n<li>Pjes\u00ebmarrja n\u00eb ndihma mjedisore ose organizatasociale me tem\u00eb CE<\/li>\n<\/ul>\n\n\n\n<p><strong>Sjelljet Shoq\u00ebrore dhe Komunikimi<\/strong><\/p>\n\n\n\n<ul class=\"wp-block-list\">\n<li>T\u00eb marr\u00eb rol pajtues dhe parandalues n\u00eb rastz\u00ebnkash ose debat\u00ebsh mes shok\u00ebve<\/li>\n\n\n\n<li>T\u00eb marr\u00eb pjes\u00eb n\u00eb ekskursione me tem\u00eb CE<\/li>\n\n\n\n<li>T\u00eb tregoj\u00eb ndihmueshm\u00ebri (ndihm\u00eb p\u00ebr shok\u00ebtose m\u00ebsuesit)<\/li>\n\n\n\n<li>T\u00eb marr\u00eb pjes\u00eb n\u00eb pun\u00eb vullnetare ose aktivitetendihme<\/li>\n\n\n\n<li>T\u00eb pranoj\u00eb gabimet dhe t\u00eb p\u00ebrpiqet t\u2019i korrigjoj\u00ebato<\/li>\n\n\n\n<li>T\u00eb marr\u00eb pjes\u00eb bashk\u00eb me familjen e tij n\u00ebprojekte sociale<\/li>\n\n\n\n<li>Vizit\u00eb te m\u00ebsimdh\u00ebn\u00ebsi\/m\u00ebsimdh\u00ebn\u00ebsja<\/li>\n\n\n\n<li>Vizit\u00eb familjare<\/li>\n<\/ul>\n\n\n\n<p><strong>T\u00eb qenit shembull n\u00eb p\u00ebrfaq\u00ebsimin e shkoll\u00ebs<\/strong><\/p>\n\n\n\n<ul class=\"wp-block-list\">\n<li>Pjes\u00ebmarrjaaktivedhevullnetaren\u00ebaktiviteteteshkoll\u00ebs<\/li>\n\n\n\n<li>P\u00ebrfaq\u00ebsimi pozitiv i shkoll\u00ebs n\u00eb aktivitete jasht\u00eb saj<\/li>\n\n\n\n<li>P\u00ebrgatitja e projekteve dhe p\u00ebrmbajtjeve n\u00eb rrjete sociale q\u00eb promovojn\u00eb vlerate shkoll\u00ebs dhe CE<\/li>\n\n\n\n<li>Pjes\u00ebmarrja n\u00eb klubet jo obligative t\u00eb shkoll\u00ebs<\/li>\n\n\n\n<li>Pjes\u00ebmarrja n \u00ebaktivitetet q\u00eb organizohen gjat\u00eb fundjav\u00ebs<\/li>\n\n\n\n<li>Pjes\u00ebmarrja n\u00eb p\u00ebrgatitjet p\u00ebr olimpiada<\/li>\n\n\n\n<li>Arritja e suksesit n\u00eb gara komb\u00ebtare ose nd\u00ebrkomb\u00ebtare<\/li>\n<\/ul>\n\n\n\n<p><strong>Sjellje t\u00eb vogla dhe t\u00eb vazhdueshme me kuptim<\/strong><\/p>\n\n\n\n<ul class=\"wp-block-list\">\n<li>Marrja e mbeturinave nga toka n\u00eb korridor ose oborr dhe hedhja n\u00eb kosh<\/li>\n\n\n\n<li>Mbajtja e bank\u00ebs dhe vendit t\u00eb tij t\u00eb rregullt<\/li>\n\n\n\n<li>Komunikimi i mir\u00eb n\u00eb shkoll\u00eb dhe familje<\/li>\n\n\n\n<li>Prezantimi dhe ndihma p\u00ebr nj\u00eb nx\u00ebn\u00ebs t\u00eb ri n\u00eb klas\u00eb<\/li>\n\n\n\n<li>P\u00ebrsh\u00ebndetja dhe buz\u00ebqeshja ndaj t\u00eb tjer\u00ebve<\/li>\n\n\n\n<li>Dor\u00ebzimi i nj\u00eb sendi t\u00eb r\u00ebn\u00eb pronarit t\u00eb tij<\/li>\n\n\n\n<li>Ndihma m\u00ebsuesit ose pun\u00ebtorit n\u00eb bartjen e sendeve<\/li>\n\n\n\n<li>Kryerja me koh\u00eb e detyr\u00ebs s\u00eb klas\u00ebs (fshirja e tabel\u00ebs, mbyllja e dritareve, pastrimi i laboratorit)<\/li>\n\n\n\n<li>Ofrimi i zgjidhjeve n\u00eb vend t\u00eb ankes\u00ebs p\u00ebr nj\u00eb problem t\u00eb vog\u00ebl<\/li>\n\n\n\n<li>T\u00eb jap\u00eb kurajo dhe mb\u00ebshtetje morale nj\u00eb shoku n\u00eb v\u00ebshtir\u00ebsi<\/li>\n<\/ul>\n","protected":false},"excerpt":{"rendered":"<p>Kriteret q\u00eb do t\u00eb merren parasysh P\u00ebrpjekja akademike dhe Suksesi P\u00ebrgjegj\u00ebsia Sjelljet Shoq\u00ebrore dhe Komunikimi T\u00eb qenit shembull n\u00eb p\u00ebrfaq\u00ebsimin e shkoll\u00ebs Sjellje t\u00eb vogla dhe t\u00eb vazhdueshme me kuptim<\/p>\n","protected":false},"author":2,"featured_media":0,"parent":0,"menu_order":0,"comment_status":"closed","ping_status":"closed","template":"","meta":{"footnotes":""},"class_list":["post-5822","page","type-page","status-publish","hentry"],"_links":{"self":[{"href":"https:\/\/mackosova.com\/index.php?rest_route=\/wp\/v2\/pages\/5822","targetHints":{"allow":["GET"]}}],"collection":[{"href":"https:\/\/mackosova.com\/index.php?rest_route=\/wp\/v2\/pages"}],"about":[{"href":"https:\/\/mackosova.com\/index.php?rest_route=\/wp\/v2\/types\/page"}],"author":[{"embeddable":true,"href":"https:\/\/mackosova.com\/index.php?rest_route=\/wp\/v2\/users\/2"}],"replies":[{"embeddable":true,"href":"https:\/\/mackosova.com\/index.php?rest_route=%2Fwp%2Fv2%2Fcomments&post=5822"}],"version-history":[{"count":7,"href":"https:\/\/mackosova.com\/index.php?rest_route=\/wp\/v2\/pages\/5822\/revisions"}],"predecessor-version":[{"id":5859,"href":"https:\/\/mackosova.com\/index.php?rest_route=\/wp\/v2\/pages\/5822\/revisions\/5859"}],"wp:attachment":[{"href":"https:\/\/mackosova.com\/index.php?rest_route=%2Fwp%2Fv2%2Fmedia&parent=5822"}],"curies":[{"name":"wp","href":"https:\/\/api.w.org\/{rel}","templated":true}]}}