{"id":5827,"date":"2025-09-05T13:02:49","date_gmt":"2025-09-05T13:02:49","guid":{"rendered":"https:\/\/mackosova.com\/?page_id=5827"},"modified":"2025-09-08T09:11:44","modified_gmt":"2025-09-08T09:11:44","slug":"sistemi-i-certifikatave","status":"publish","type":"page","link":"https:\/\/mackosova.com\/?page_id=5827","title":{"rendered":"Sistemi i Certifikatave"},"content":{"rendered":"\n<p>Karta e sta\ufb01t ndihm\u00ebs ka vler\u00ebn 1 pik\u00eb.<br>Karta e prindit ka vler\u00ebn 3 pik\u00eb.<\/p>\n\n\n\n<p>K\u00ebto karta meritash u jepen sta\ufb01t ndihm\u00ebs dhe prind\u00ebrve, duke udalluar sipas pik\u00ebve q\u00eb mbajn\u00eb.<\/p>\n\n\n\n<p><strong>Si \ufb01tohen kartat?<\/strong><\/p>\n\n\n\n<p>P\u00ebr t\u00eb \ufb01tuar nj\u00eb kart\u00eb, nx\u00ebn\u00ebsi duhet q\u00eb puna, ndihma ose aktiviteti i tij t\u00eb:<br>dokumentohet nga prindi, ose t\u00eb d\u00ebshmohet nga sta\ufb01 ndihm\u00ebs.<\/p>\n\n\n\n<p><strong>Shp\u00ebrndarja mujore e kartave<\/strong><\/p>\n\n\n\n<p>\u00c7do person nga sta\ufb01 ndihm\u00ebs ka n\u00eb dispozicion 15 karta meritashn\u00eb muaj.<br>\u00c7do prind ka n\u00eb dispozicion 5 karta meritash n\u00eb muaj.<\/p>\n\n\n\n<p><strong>Shp\u00ebrblimi p\u00ebr nx\u00ebn\u00ebsit<\/strong><\/p>\n\n\n\n<p>P\u00ebr \u00e7do 10 pik\u00eb t\u00eb mbledhura, nx\u00ebn\u00ebsi \ufb01ton nj\u00eb kart\u00eb merite ngap\u00ebrgjegj\u00ebsi i edukimit t\u00eb karakterit.<\/p>\n\n\n\n<figure class=\"wp-block-table\"><table><thead><tr><th class=\"has-text-align-left\" data-align=\"left\">#<\/th><th class=\"has-text-align-left\" data-align=\"left\">Certifikata<\/th><th class=\"has-text-align-left\" data-align=\"left\">P\u00ebrshkrim<\/th><th class=\"has-text-align-left\" data-align=\"left\">Pik\u00eb<\/th><\/tr><\/thead><tbody><tr><td class=\"has-text-align-left\" data-align=\"left\">1<\/td><td class=\"has-text-align-left\" data-align=\"left\">Certifikata Bronze<\/td><td class=\"has-text-align-left\" data-align=\"left\">Nx\u00ebn\u00ebsit q\u00eb mbledhin 5 karta <strong>meritash <\/strong>do t\u00eb \ufb01tojn\u00ebcerti\ufb01kat\u00ebn bronz dhe nj\u00eb shp\u00ebrblim.<\/td><td class=\"has-text-align-left\" data-align=\"left\">50 P<\/td><\/tr><tr><td class=\"has-text-align-left\" data-align=\"left\">2<\/td><td class=\"has-text-align-left\" data-align=\"left\">Certifikata Silver<\/td><td class=\"has-text-align-left\" data-align=\"left\">Nx\u00ebn\u00ebsi q\u00eb mbledh 2 karta <strong>bronza<\/strong> 100 pik\u00eb meritedo t\u00eb \ufb01toj\u00eb certi\ufb01kat\u00ebn silver dhe nj\u00eb shp\u00ebrblim.<\/td><td class=\"has-text-align-left\" data-align=\"left\">100 P<\/td><\/tr><tr><td class=\"has-text-align-left\" data-align=\"left\">3<\/td><td class=\"has-text-align-left\" data-align=\"left\">Certifikata Gold<\/td><td class=\"has-text-align-left\" data-align=\"left\">Nx\u00ebn\u00ebsi q\u00eb \ufb01ton 2 karta <strong>silver <\/strong>200 pik\u00eb merite dot\u00eb marr\u00eb certi\ufb01kat\u00ebn e art\u00eb dhe nj\u00eb dhurat\u00eb m\u00eb t\u00eb madhe.<\/td><td class=\"has-text-align-left\" data-align=\"left\">200 P<\/td><\/tr><tr><td class=\"has-text-align-left\" data-align=\"left\">4<\/td><td class=\"has-text-align-left\" data-align=\"left\">Certifikata Diamond<\/td><td class=\"has-text-align-left\" data-align=\"left\">Nx\u00ebn\u00ebsi q\u00eb \ufb01ton 2 karta <strong>gold <\/strong>400 pik\u00eb merite dot\u00eb marr\u00eb certi\ufb01kat\u00ebn e art\u00eb dhe nj\u00eb dhurat\u00eb m\u00eb t\u00eb madhe.<\/td><td class=\"has-text-align-left\" data-align=\"left\">400 P<\/td><\/tr><\/tbody><\/table><\/figure>\n","protected":false},"excerpt":{"rendered":"<p>Karta e sta\ufb01t ndihm\u00ebs ka vler\u00ebn 1 pik\u00eb.Karta e prindit ka vler\u00ebn 3 pik\u00eb. K\u00ebto karta meritash u jepen sta\ufb01t ndihm\u00ebs dhe prind\u00ebrve, duke udalluar sipas pik\u00ebve q\u00eb mbajn\u00eb. Si \ufb01tohen kartat? P\u00ebr t\u00eb \ufb01tuar nj\u00eb kart\u00eb, nx\u00ebn\u00ebsi duhet q\u00eb <a href=\"https:\/\/mackosova.com\/?page_id=5827\" class=\"read-more\">Read More &#8230;<\/a><\/p>\n","protected":false},"author":2,"featured_media":0,"parent":0,"menu_order":0,"comment_status":"closed","ping_status":"closed","template":"","meta":{"footnotes":""},"class_list":["post-5827","page","type-page","status-publish","hentry"],"_links":{"self":[{"href":"https:\/\/mackosova.com\/index.php?rest_route=\/wp\/v2\/pages\/5827","targetHints":{"allow":["GET"]}}],"collection":[{"href":"https:\/\/mackosova.com\/index.php?rest_route=\/wp\/v2\/pages"}],"about":[{"href":"https:\/\/mackosova.com\/index.php?rest_route=\/wp\/v2\/types\/page"}],"author":[{"embeddable":true,"href":"https:\/\/mackosova.com\/index.php?rest_route=\/wp\/v2\/users\/2"}],"replies":[{"embeddable":true,"href":"https:\/\/mackosova.com\/index.php?rest_route=%2Fwp%2Fv2%2Fcomments&post=5827"}],"version-history":[{"count":12,"href":"https:\/\/mackosova.com\/index.php?rest_route=\/wp\/v2\/pages\/5827\/revisions"}],"predecessor-version":[{"id":5853,"href":"https:\/\/mackosova.com\/index.php?rest_route=\/wp\/v2\/pages\/5827\/revisions\/5853"}],"wp:attachment":[{"href":"https:\/\/mackosova.com\/index.php?rest_route=%2Fwp%2Fv2%2Fmedia&parent=5827"}],"curies":[{"name":"wp","href":"https:\/\/api.w.org\/{rel}","templated":true}]}}