{"id":5950,"date":"2026-04-10T09:31:28","date_gmt":"2026-04-10T09:31:28","guid":{"rendered":"https:\/\/mackosova.com\/?page_id=5950"},"modified":"2026-04-10T09:34:46","modified_gmt":"2026-04-10T09:34:46","slug":"apply-for-iq-challenge-mac-gjokova","status":"publish","type":"page","link":"https:\/\/mackosova.com\/?page_id=5950","title":{"rendered":"Apply for IQ CHALLENGE \u2013 MAC GJAKOVA"},"content":{"rendered":"<h1 style=\"text-align: center;\"><strong><a href=\"https:\/\/tinyurl.com\/3rxk54td\">&gt;&gt; APPLY NOW &lt;&lt;&lt;<\/a><\/strong><\/h1>\n\n\n<p><img loading=\"lazy\" decoding=\"async\" height=\"16\" width=\"16\" alt=\"\ud83d\udce2\" src=\"https:\/\/static.xx.fbcdn.net\/images\/emoji.php\/v9\/t39\/1\/16\/1f4e2.png\"> MAC CHALLENGE- Garat e matematik\u00ebs dhe logjik\u00ebs!<\/p>\n\n\n\n<p>Ju njoftojm\u00eb se gara MAC Challenge do t\u00eb mbahet m\u00eb 25.04.2026, n\u00eb ora 10:00, n\u00eb MAC Gjakova.<\/p>\n\n\n\n<p><img loading=\"lazy\" decoding=\"async\" height=\"16\" width=\"16\" alt=\"\ud83c\udfaf\" src=\"https:\/\/static.xx.fbcdn.net\/images\/emoji.php\/v9\/tb0\/1\/16\/1f3af.png\"> Gara \u00ebsht\u00eb e dedikuar p\u00ebr nx\u00ebn\u00ebsit e klasave 5, 6, 7, 8 dhe 9.<\/p>\n\n\n\n<div class=\"wp-block-group is-nowrap is-layout-flex wp-container-core-group-is-layout-ad2f72ca wp-block-group-is-layout-flex\">\n<figure class=\"wp-block-image\"><img decoding=\"async\" src=\"https:\/\/static.xx.fbcdn.net\/images\/emoji.php\/v9\/t84\/1\/16\/1f381.png\" alt=\"\ud83c\udf81\"\/><\/figure>\n\n\n\n<p><strong>Shp\u00ebrblimet:<\/strong><\/p>\n<\/div>\n\n\n\n<p><\/p>\n\n\n\n<ul class=\"wp-block-list\">\n<li><img loading=\"lazy\" decoding=\"async\" height=\"16\" width=\"16\" src=\"https:\/\/static.xx.fbcdn.net\/images\/emoji.php\/v9\/t94\/1\/16\/1f947.png\" alt=\"\ud83e\udd47\"> Vendi i par\u00eb: Smartwatch<\/li>\n\n\n\n<li><img loading=\"lazy\" decoding=\"async\" height=\"16\" width=\"16\" src=\"https:\/\/static.xx.fbcdn.net\/images\/emoji.php\/v9\/t15\/1\/16\/1f948.png\" alt=\"\ud83e\udd48\"> Vendi i dyt\u00eb: Powerbank<\/li>\n\n\n\n<li><img loading=\"lazy\" decoding=\"async\" height=\"16\" width=\"16\" src=\"https:\/\/static.xx.fbcdn.net\/images\/emoji.php\/v9\/t96\/1\/16\/1f949.png\" alt=\"\ud83e\udd49\"> Vendi i tret\u00eb: Headphones<\/li>\n<\/ul>\n\n\n\n<p><img loading=\"lazy\" decoding=\"async\" height=\"16\" width=\"16\" src=\"https:\/\/static.xx.fbcdn.net\/images\/emoji.php\/v9\/tcc\/1\/16\/1f4dd.png\" alt=\"\ud83d\udcdd\"> Testi zgjat 45 minuta dhe p\u00ebrmban 30 pyetje.<\/p>\n\n\n\n<p>Testo veten. Sfido mendjen t\u00ebnde.<\/p>\n\n\n\n<p><strong>Provimi Most\u00ebr:<\/strong><\/p>\n\n\n\n<ul class=\"wp-block-list\">\n<li><a href=\"https:\/\/mackosova.com\/wp-content\/uploads\/2024\/04\/Sample-IQ-Challenge-Class-5.pdf\" data-type=\"link\" data-id=\"https:\/\/mackosova.com\/wp-content\/uploads\/2024\/04\/Sample-IQ-Challenge-Class-5.pdf\">Klasa 5<\/a><\/li>\n\n\n\n<li><a href=\"https:\/\/mackosova.com\/wp-content\/uploads\/2024\/04\/Sample-IQ-Challenge-Class-6.pdf\" data-type=\"link\" data-id=\"https:\/\/mackosova.com\/wp-content\/uploads\/2024\/04\/Sample-IQ-Challenge-Class-6.pdf\">Klasa 6<\/a><\/li>\n\n\n\n<li><a href=\"https:\/\/mackosova.com\/wp-content\/uploads\/2024\/04\/Sample-IQ-Challenge-Class-7.pdf\" data-type=\"link\" data-id=\"https:\/\/mackosova.com\/wp-content\/uploads\/2024\/04\/Sample-IQ-Challenge-Class-7.pdf\">Klasa 7<\/a><\/li>\n\n\n\n<li><a href=\"https:\/\/mackosova.com\/wp-content\/uploads\/2024\/04\/Sample-IQ-Challenge-Class-8.pdf\" data-type=\"link\" data-id=\"https:\/\/mackosova.com\/wp-content\/uploads\/2024\/04\/Sample-IQ-Challenge-Class-8.pdf\">Klasa 8<\/a><\/li>\n\n\n\n<li><a href=\"https:\/\/mackosova.com\/wp-content\/uploads\/2024\/04\/Sample-IQ-Challenge-Class-9.pdf\" data-type=\"link\" data-id=\"https:\/\/mackosova.com\/wp-content\/uploads\/2024\/04\/Sample-IQ-Challenge-Class-9.pdf\">Klasa 9<\/a><\/li>\n<\/ul>\n","protected":false},"excerpt":{"rendered":"<p>&gt;&gt; APPLY NOW &lt;&lt;&lt; MAC CHALLENGE- Garat e matematik\u00ebs dhe logjik\u00ebs! Ju njoftojm\u00eb se gara MAC Challenge do t\u00eb mbahet m\u00eb 25.04.2026, n\u00eb ora 10:00, n\u00eb MAC Gjakova. Gara \u00ebsht\u00eb e dedikuar p\u00ebr nx\u00ebn\u00ebsit e klasave 5, 6, 7, 8 <a href=\"https:\/\/mackosova.com\/?page_id=5950\" class=\"read-more\">Read More &#8230;<\/a><\/p>\n","protected":false},"author":2,"featured_media":5952,"parent":0,"menu_order":0,"comment_status":"closed","ping_status":"closed","template":"","meta":{"footnotes":""},"class_list":["post-5950","page","type-page","status-publish","has-post-thumbnail","hentry"],"_links":{"self":[{"href":"https:\/\/mackosova.com\/index.php?rest_route=\/wp\/v2\/pages\/5950","targetHints":{"allow":["GET"]}}],"collection":[{"href":"https:\/\/mackosova.com\/index.php?rest_route=\/wp\/v2\/pages"}],"about":[{"href":"https:\/\/mackosova.com\/index.php?rest_route=\/wp\/v2\/types\/page"}],"author":[{"embeddable":true,"href":"https:\/\/mackosova.com\/index.php?rest_route=\/wp\/v2\/users\/2"}],"replies":[{"embeddable":true,"href":"https:\/\/mackosova.com\/index.php?rest_route=%2Fwp%2Fv2%2Fcomments&post=5950"}],"version-history":[{"count":4,"href":"https:\/\/mackosova.com\/index.php?rest_route=\/wp\/v2\/pages\/5950\/revisions"}],"predecessor-version":[{"id":5958,"href":"https:\/\/mackosova.com\/index.php?rest_route=\/wp\/v2\/pages\/5950\/revisions\/5958"}],"wp:featuredmedia":[{"embeddable":true,"href":"https:\/\/mackosova.com\/index.php?rest_route=\/wp\/v2\/media\/5952"}],"wp:attachment":[{"href":"https:\/\/mackosova.com\/index.php?rest_route=%2Fwp%2Fv2%2Fmedia&parent=5950"}],"curies":[{"name":"wp","href":"https:\/\/api.w.org\/{rel}","templated":true}]}}